{"id":9,"date":"2022-11-04T14:05:52","date_gmt":"2022-11-04T14:05:52","guid":{"rendered":"https:\/\/esengruphavacilik.com\/?page_id=9"},"modified":"2023-08-10T14:37:25","modified_gmt":"2023-08-10T14:37:25","slug":"anasayfa","status":"publish","type":"page","link":"https:\/\/benicehavacilik.com\/en\/","title":{"rendered":"HOME"},"content":{"rendered":"<div data-elementor-type=\"wp-page\" data-elementor-id=\"9\" class=\"elementor elementor-9\">\n\t\t\t\t<div class=\"elementor-element elementor-element-95d90a9 e-flex e-con-boxed e-con e-parent\" data-id=\"95d90a9\" data-element_type=\"container\" data-e-type=\"container\">\n\t\t\t\t\t<div class=\"e-con-inner\">\n\t\t<div class=\"elementor-element elementor-element-e1b7a28 e-con-full e-flex e-con e-child\" data-id=\"e1b7a28\" data-element_type=\"container\" data-e-type=\"container\" data-settings=\"{&quot;background_background&quot;:&quot;classic&quot;}\">\n\t\t\t\t<div class=\"elementor-element elementor-element-7a352e1 elementor-widget elementor-widget-spacer\" data-id=\"7a352e1\" data-element_type=\"widget\" data-e-type=\"widget\" data-widget_type=\"spacer.default\">\n\t\t\t\t<div class=\"elementor-widget-container\">\n\t\t\t\t\t\t\t<div class=\"elementor-spacer\">\n\t\t\t<div class=\"elementor-spacer-inner\"><\/div>\n\t\t<\/div>\n\t\t\t\t\t\t<\/div>\n\t\t\t\t<\/div>\n\t\t\t\t<div class=\"elementor-element elementor-element-12655b1 elementor-widget elementor-widget-heading\" data-id=\"12655b1\" data-element_type=\"widget\" data-e-type=\"widget\" data-widget_type=\"heading.default\">\n\t\t\t\t<div class=\"elementor-widget-container\">\n\t\t\t\t\t<h2 class=\"elementor-heading-title elementor-size-default\"><a href=\"https:\/\/benicehavacilik.com\/en\/hassas-talasli-imalat\/\">Precision Machining<\/a><\/h2>\t\t\t\t<\/div>\n\t\t\t\t<\/div>\n\t\t\t\t<\/div>\n\t\t<div class=\"elementor-element elementor-element-1aa684e e-con-full e-flex e-con e-child\" data-id=\"1aa684e\" data-element_type=\"container\" data-e-type=\"container\" data-settings=\"{&quot;background_background&quot;:&quot;classic&quot;}\">\n\t\t\t\t<div class=\"elementor-element elementor-element-68f230c elementor-widget elementor-widget-spacer\" data-id=\"68f230c\" data-element_type=\"widget\" data-e-type=\"widget\" data-widget_type=\"spacer.default\">\n\t\t\t\t<div class=\"elementor-widget-container\">\n\t\t\t\t\t\t\t<div class=\"elementor-spacer\">\n\t\t\t<div class=\"elementor-spacer-inner\"><\/div>\n\t\t<\/div>\n\t\t\t\t\t\t<\/div>\n\t\t\t\t<\/div>\n\t\t\t\t<div class=\"elementor-element elementor-element-01b760e elementor-widget elementor-widget-heading\" data-id=\"01b760e\" data-element_type=\"widget\" data-e-type=\"widget\" data-widget_type=\"heading.default\">\n\t\t\t\t<div class=\"elementor-widget-container\">\n\t\t\t\t\t<h2 class=\"elementor-heading-title elementor-size-default\"><a href=\"https:\/\/benicehavacilik.com\/en\/hassas-tesviye-ve-montaj\/\">Precision Hand Finishing<\/a><\/h2>\t\t\t\t<\/div>\n\t\t\t\t<\/div>\n\t\t\t\t<\/div>\n\t\t<div class=\"elementor-element elementor-element-db6d6f6 e-con-full e-flex e-con e-child\" data-id=\"db6d6f6\" data-element_type=\"container\" data-e-type=\"container\" data-settings=\"{&quot;background_background&quot;:&quot;classic&quot;}\">\n\t\t\t\t<div class=\"elementor-element elementor-element-4692df3 elementor-widget elementor-widget-spacer\" data-id=\"4692df3\" data-element_type=\"widget\" data-e-type=\"widget\" data-widget_type=\"spacer.default\">\n\t\t\t\t<div class=\"elementor-widget-container\">\n\t\t\t\t\t\t\t<div class=\"elementor-spacer\">\n\t\t\t<div class=\"elementor-spacer-inner\"><\/div>\n\t\t<\/div>\n\t\t\t\t\t\t<\/div>\n\t\t\t\t<\/div>\n\t\t\t\t<div class=\"elementor-element elementor-element-64887ff elementor-widget elementor-widget-heading\" data-id=\"64887ff\" data-element_type=\"widget\" data-e-type=\"widget\" data-widget_type=\"heading.default\">\n\t\t\t\t<div class=\"elementor-widget-container\">\n\t\t\t\t\t<h2 class=\"elementor-heading-title elementor-size-default\"><a href=\"https:\/\/benicehavacilik.com\/en\/lazer-markalama\/\">Laser Marking &amp; Engraving<\/a><\/h2>\t\t\t\t<\/div>\n\t\t\t\t<\/div>\n\t\t\t\t<\/div>\n\t\t<div class=\"elementor-element elementor-element-a2ebb50 e-con-full e-flex e-con e-child\" data-id=\"a2ebb50\" data-element_type=\"container\" data-e-type=\"container\" data-settings=\"{&quot;background_background&quot;:&quot;classic&quot;}\">\n\t\t\t\t<div class=\"elementor-element elementor-element-e0e7e04 elementor-widget elementor-widget-spacer\" data-id=\"e0e7e04\" data-element_type=\"widget\" data-e-type=\"widget\" data-widget_type=\"spacer.default\">\n\t\t\t\t<div class=\"elementor-widget-container\">\n\t\t\t\t\t\t\t<div class=\"elementor-spacer\">\n\t\t\t<div class=\"elementor-spacer-inner\"><\/div>\n\t\t<\/div>\n\t\t\t\t\t\t<\/div>\n\t\t\t\t<\/div>\n\t\t\t\t<div class=\"elementor-element elementor-element-9ec599b elementor-widget elementor-widget-heading\" data-id=\"9ec599b\" data-element_type=\"widget\" data-e-type=\"widget\" data-widget_type=\"heading.default\">\n\t\t\t\t<div class=\"elementor-widget-container\">\n\t\t\t\t\t<h2 class=\"elementor-heading-title elementor-size-default\"><a href=\"https:\/\/benicehavacilik.com\/en\/kalite-kontrol\/\">Quality Control<\/a><\/h2>\t\t\t\t<\/div>\n\t\t\t\t<\/div>\n\t\t\t\t<\/div>\n\t\t\t\t\t<\/div>\n\t\t\t\t<\/div>\n\t\t<div class=\"elementor-element elementor-element-f39ea11 e-flex e-con-boxed e-con e-parent\" data-id=\"f39ea11\" data-element_type=\"container\" data-e-type=\"container\">\n\t\t\t\t\t<div class=\"e-con-inner\">\n\t\t<div class=\"elementor-element elementor-element-1d785ce e-con-full e-flex e-con e-child\" data-id=\"1d785ce\" data-element_type=\"container\" data-e-type=\"container\">\n\t\t\t\t<div class=\"elementor-element elementor-element-06a9d7d tm-align-left elementor-widget elementor-widget-tm_heading\" data-id=\"06a9d7d\" data-element_type=\"widget\" data-e-type=\"widget\" data-widget_type=\"tm_heading.default\">\n\t\t\t\t<div class=\"elementor-widget-container\">\n\t\t\t\t\t<div class=\"tm-element-heading-content-wrapper left-align  tm-seperator-solid tm-content-with-desc tm-heading-style-vertical\"><div class=\"tm-content-header\"><h2 class=\"tm-element-content-heading\">\n\t\t\t\tBEN\u0130CE HAVACILIK\n\t\t\t<\/h2>\n\t\t<h4 class=\"tm-element-subheading\">\n\t\t\t\tCORPORATE\n\t\t\t<\/h4>\n\t\t<\/div><div class=\"tm-element-content-desctxt\">Our company Benice Havac\u0131l\u0131k M\u00fchendislik San. Tic. Ltd. \u015eti. was established in \u0130vedik, Ankara in 2022 in order to operate in the civil aviation industry. Our former company Kaleli \u015eaft\u2019s aviation activities were moved to Esen Grup Havac\u0131l\u0131k, after Kaleli \u015eaft was divided into two in 2022 as agricultural machinery and aviation sectors.<br><br>\nIn our new and modern facility, we are equipped with our precision machining centers, high-tech CAD\/CAM\/simulation software, laser marking device, coordinate measuring machine, precision leveling equipment, eddy-current test equipment, precision steam cleaning, and pressurization test equipment. We continue to work with all our strength together with our teammates.\n<\/div><\/div>\t\t\t\t<\/div>\n\t\t\t\t<\/div>\n\t\t\t\t<\/div>\n\t\t<div class=\"elementor-element elementor-element-fa1b45c e-con-full e-flex e-con e-child\" data-id=\"fa1b45c\" data-element_type=\"container\" data-e-type=\"container\">\n\t\t\t\t<div class=\"elementor-element elementor-element-274387b elementor-widget elementor-widget-image\" data-id=\"274387b\" data-element_type=\"widget\" data-e-type=\"widget\" data-widget_type=\"image.default\">\n\t\t\t\t<div class=\"elementor-widget-container\">\n\t\t\t\t\t\t\t\t\t\t\t\t\t\t\t<img fetchpriority=\"high\" decoding=\"async\" width=\"987\" height=\"610\" src=\"https:\/\/benicehavacilik.com\/wp-content\/uploads\/2023\/08\/benice_new.png\" class=\"attachment-full size-full wp-image-591\" alt=\"\" srcset=\"https:\/\/benicehavacilik.com\/wp-content\/uploads\/2023\/08\/benice_new.png 987w, https:\/\/benicehavacilik.com\/wp-content\/uploads\/2023\/08\/benice_new-300x185.png 300w, https:\/\/benicehavacilik.com\/wp-content\/uploads\/2023\/08\/benice_new-768x475.png 768w, https:\/\/benicehavacilik.com\/wp-content\/uploads\/2023\/08\/benice_new-18x12.png 18w, https:\/\/benicehavacilik.com\/wp-content\/uploads\/2023\/08\/benice_new-485x300.png 485w, https:\/\/benicehavacilik.com\/wp-content\/uploads\/2023\/08\/benice_new-650x402.png 650w\" sizes=\"(max-width: 987px) 100vw, 987px\" data-id=\"591\" \/>\t\t\t\t\t\t\t\t\t\t\t\t\t\t\t<\/div>\n\t\t\t\t<\/div>\n\t\t\t\t<\/div>\n\t\t\t\t\t<\/div>\n\t\t\t\t<\/div>\n\t\t\t\t<\/div>","protected":false},"excerpt":{"rendered":"<p>Hassas Tala\u015fl\u0131 \u0130malat Hassas Tesviye ve Montaj Lazer Markalama &#038; Kaz\u0131ma (Grav\u00fcr) Kalite Kontrol BEN\u0130CE HAVACILIK Kurumsal 1980 y\u0131l\u0131nda kurulan Kaleli \u015eaft ve Metal San. Tic. Ltd. \u015eti. 2022 y\u0131l\u0131nda sekt\u00f6rel olarak ikiye ayr\u0131larak, havac\u0131l\u0131k sekt\u00f6r\u00fc faaliyetleri Benice Havac\u0131l\u0131k M\u00fchendislik San. Tic. Ltd. \u015eti. ad\u0131 alt\u0131na ta\u015f\u0131nm\u0131\u015ft\u0131r. \u0130vedik\u2019te yer alan yeni ve modern tesisimizde, hassas &hellip; <a href=\"https:\/\/benicehavacilik.com\/en\/\" class=\"more-link\">Continue reading <span class=\"screen-reader-text\">HOME<\/span><\/a><\/p>","protected":false},"author":4,"featured_media":0,"parent":0,"menu_order":0,"comment_status":"closed","ping_status":"closed","template":"","meta":{"footnotes":""},"class_list":["post-9","page","type-page","status-publish","hentry"],"_links":{"self":[{"href":"https:\/\/benicehavacilik.com\/en\/wp-json\/wp\/v2\/pages\/9","targetHints":{"allow":["GET"]}}],"collection":[{"href":"https:\/\/benicehavacilik.com\/en\/wp-json\/wp\/v2\/pages"}],"about":[{"href":"https:\/\/benicehavacilik.com\/en\/wp-json\/wp\/v2\/types\/page"}],"author":[{"embeddable":true,"href":"https:\/\/benicehavacilik.com\/en\/wp-json\/wp\/v2\/users\/4"}],"replies":[{"embeddable":true,"href":"https:\/\/benicehavacilik.com\/en\/wp-json\/wp\/v2\/comments?post=9"}],"version-history":[{"count":117,"href":"https:\/\/benicehavacilik.com\/en\/wp-json\/wp\/v2\/pages\/9\/revisions"}],"predecessor-version":[{"id":605,"href":"https:\/\/benicehavacilik.com\/en\/wp-json\/wp\/v2\/pages\/9\/revisions\/605"}],"wp:attachment":[{"href":"https:\/\/benicehavacilik.com\/en\/wp-json\/wp\/v2\/media?parent=9"}],"curies":[{"name":"wp","href":"https:\/\/api.w.org\/{rel}","templated":true}]}}