{"id":44,"date":"2022-11-09T06:50:59","date_gmt":"2022-11-09T06:50:59","guid":{"rendered":"https:\/\/esengruphavacilik.com\/?page_id=44"},"modified":"2024-12-20T06:15:39","modified_gmt":"2024-12-20T06:15:39","slug":"tarihce","status":"publish","type":"page","link":"https:\/\/benicehavacilik.com\/en\/tarihce\/","title":{"rendered":"HISTORY"},"content":{"rendered":"<div data-elementor-type=\"wp-page\" data-elementor-id=\"44\" class=\"elementor elementor-44\">\n\t\t\t\t\t\t<section class=\"elementor-section elementor-top-section elementor-element elementor-element-9452b52 tm-column-break-ipad-no tm-col-stretched-none elementor-section-boxed elementor-section-height-default elementor-section-height-default\" data-id=\"9452b52\" data-element_type=\"section\" data-e-type=\"section\">\n\t\t\t\t\t\t<div class=\"elementor-container elementor-column-gap-default\">\n\t\t\t\t\t<div class=\"elementor-column elementor-col-50 elementor-top-column elementor-element elementor-element-cdafe72\" data-id=\"cdafe72\" data-element_type=\"column\" data-e-type=\"column\">\n\t\t\t<div class=\"elementor-widget-wrap elementor-element-populated\">\n\t\t\t\t\t\t<div class=\"elementor-element elementor-element-bf1d158 tm-align-left elementor-widget elementor-widget-tm_heading\" data-id=\"bf1d158\" data-element_type=\"widget\" data-e-type=\"widget\" data-widget_type=\"tm_heading.default\">\n\t\t\t\t<div class=\"elementor-widget-container\">\n\t\t\t\t\t<div class=\"tm-element-heading-content-wrapper left-align  tm-seperator-style1 tm-content-with-desc tm-heading-style-vertical\"><div class=\"tm-content-header\"><h2 class=\"tm-element-content-heading\">\n\t\t\t\tHISTORY\n\t\t\t<\/h2>\n\t\t<h4 class=\"tm-element-subheading\">\n\t\t\t\t \n\t\t\t<\/h4>\n\t\t<\/div><div class=\"tm-element-content-desctxt\">Our company Benice Havac\u0131l\u0131k M\u00fchendislik San. Tic. Ltd. \u015eti. was established in \u0130vedik, Ankara in 2022 in order to operate in the civil aviation industry. Our former company Kaleli \u015eaft\u2019s aviation activities were moved to Esen Grup Havac\u0131l\u0131k, after Kaleli \u015eaft was divided into two in 2022 as agricultural machinery and aviation sectors.<br><br>\nIn our new and modern facility, we are equipped with our precision machining centers, high-tech CAD\/CAM\/simulation software, laser marking device, coordinate measuring machine, precision leveling equipment, eddy-current test equipment, precision steam cleaning, and pressurization test equipment. We continue to work with all our strength together with our teammates.\n<\/div><\/div>\t\t\t\t<\/div>\n\t\t\t\t<\/div>\n\t\t\t\t\t<\/div>\n\t\t<\/div>\n\t\t\t\t<div class=\"elementor-column elementor-col-50 elementor-top-column elementor-element elementor-element-6571437\" data-id=\"6571437\" data-element_type=\"column\" data-e-type=\"column\">\n\t\t\t<div class=\"elementor-widget-wrap\">\n\t\t\t\t\t\t\t<\/div>\n\t\t<\/div>\n\t\t\t\t\t<\/div>\n\t\t<\/section>\n\t\t\t\t<section class=\"elementor-section elementor-top-section elementor-element elementor-element-ebc2996 tm-column-break-ipad-no tm-col-stretched-none elementor-section-boxed elementor-section-height-default elementor-section-height-default\" data-id=\"ebc2996\" data-element_type=\"section\" data-e-type=\"section\">\n\t\t\t\t\t\t<div class=\"elementor-container elementor-column-gap-default\">\n\t\t\t\t\t<div class=\"elementor-column elementor-col-100 elementor-top-column elementor-element elementor-element-cdd5496\" data-id=\"cdd5496\" data-element_type=\"column\" data-e-type=\"column\">\n\t\t\t<div class=\"elementor-widget-wrap elementor-element-populated\">\n\t\t\t\t\t\t<div class=\"elementor-element elementor-element-e66573b elementor-widget elementor-widget-image-gallery\" data-id=\"e66573b\" data-element_type=\"widget\" data-e-type=\"widget\" data-widget_type=\"image-gallery.default\">\n\t\t\t\t<div class=\"elementor-widget-container\">\n\t\t\t\t\t\t\t<div class=\"elementor-image-gallery\">\n\t\t\t<div id='gallery-1' class='gallery galleryid-44 gallery-columns-5 gallery-size-medium'><figure class='gallery-item'>\n\t\t\t<div class='gallery-icon landscape'>\n\t\t\t\t<a data-elementor-open-lightbox=\"yes\" data-elementor-lightbox-slideshow=\"e66573b\" data-elementor-lightbox-title=\"Tarih\u00e7e- (3)\" data-e-action-hash=\"#elementor-action%3Aaction%3Dlightbox%26settings%3DeyJpZCI6NDE1LCJ1cmwiOiJodHRwczpcL1wvYmVuaWNlaGF2YWNpbGlrLmNvbVwvd3AtY29udGVudFwvdXBsb2Fkc1wvMjAyMlwvMTJcL1RhcmloY2UtMy5qcGciLCJzbGlkZXNob3ciOiJlNjY1NzNiIn0%3D\" href='https:\/\/benicehavacilik.com\/wp-content\/uploads\/2022\/12\/Tarihce-3.jpg'><img fetchpriority=\"high\" decoding=\"async\" width=\"300\" height=\"200\" src=\"https:\/\/benicehavacilik.com\/wp-content\/uploads\/2022\/12\/Tarihce-3-300x200.jpg\" class=\"attachment-medium size-medium\" alt=\"\" srcset=\"https:\/\/benicehavacilik.com\/wp-content\/uploads\/2022\/12\/Tarihce-3-300x200.jpg 300w, https:\/\/benicehavacilik.com\/wp-content\/uploads\/2022\/12\/Tarihce-3-768x513.jpg 768w, https:\/\/benicehavacilik.com\/wp-content\/uploads\/2022\/12\/Tarihce-3-18x12.jpg 18w, https:\/\/benicehavacilik.com\/wp-content\/uploads\/2022\/12\/Tarihce-3-449x300.jpg 449w, https:\/\/benicehavacilik.com\/wp-content\/uploads\/2022\/12\/Tarihce-3-650x434.jpg 650w, https:\/\/benicehavacilik.com\/wp-content\/uploads\/2022\/12\/Tarihce-3.jpg 1024w\" sizes=\"(max-width: 300px) 100vw, 300px\" data-id=\"415\" \/><\/a>\n\t\t\t<\/div><\/figure><figure class='gallery-item'>\n\t\t\t<div class='gallery-icon landscape'>\n\t\t\t\t<a data-elementor-open-lightbox=\"yes\" data-elementor-lightbox-slideshow=\"e66573b\" data-elementor-lightbox-title=\"Tarih\u00e7e- (4)\" data-e-action-hash=\"#elementor-action%3Aaction%3Dlightbox%26settings%3DeyJpZCI6NDE2LCJ1cmwiOiJodHRwczpcL1wvYmVuaWNlaGF2YWNpbGlrLmNvbVwvd3AtY29udGVudFwvdXBsb2Fkc1wvMjAyMlwvMTJcL1RhcmloY2UtNC5qcGciLCJzbGlkZXNob3ciOiJlNjY1NzNiIn0%3D\" href='https:\/\/benicehavacilik.com\/wp-content\/uploads\/2022\/12\/Tarihce-4.jpg'><img decoding=\"async\" width=\"300\" height=\"200\" src=\"https:\/\/benicehavacilik.com\/wp-content\/uploads\/2022\/12\/Tarihce-4-300x200.jpg\" class=\"attachment-medium size-medium\" alt=\"\" srcset=\"https:\/\/benicehavacilik.com\/wp-content\/uploads\/2022\/12\/Tarihce-4-300x200.jpg 300w, https:\/\/benicehavacilik.com\/wp-content\/uploads\/2022\/12\/Tarihce-4-768x513.jpg 768w, https:\/\/benicehavacilik.com\/wp-content\/uploads\/2022\/12\/Tarihce-4-18x12.jpg 18w, https:\/\/benicehavacilik.com\/wp-content\/uploads\/2022\/12\/Tarihce-4-449x300.jpg 449w, https:\/\/benicehavacilik.com\/wp-content\/uploads\/2022\/12\/Tarihce-4-650x434.jpg 650w, https:\/\/benicehavacilik.com\/wp-content\/uploads\/2022\/12\/Tarihce-4.jpg 1024w\" sizes=\"(max-width: 300px) 100vw, 300px\" data-id=\"416\" \/><\/a>\n\t\t\t<\/div><\/figure><figure class='gallery-item'>\n\t\t\t<div class='gallery-icon landscape'>\n\t\t\t\t<a data-elementor-open-lightbox=\"yes\" data-elementor-lightbox-slideshow=\"e66573b\" data-elementor-lightbox-title=\"Tarih\u00e7e- (5)\" data-e-action-hash=\"#elementor-action%3Aaction%3Dlightbox%26settings%3DeyJpZCI6NDE3LCJ1cmwiOiJodHRwczpcL1wvYmVuaWNlaGF2YWNpbGlrLmNvbVwvd3AtY29udGVudFwvdXBsb2Fkc1wvMjAyMlwvMTJcL1RhcmloY2UtNS5qcGciLCJzbGlkZXNob3ciOiJlNjY1NzNiIn0%3D\" href='https:\/\/benicehavacilik.com\/wp-content\/uploads\/2022\/12\/Tarihce-5.jpg'><img decoding=\"async\" width=\"300\" height=\"200\" src=\"https:\/\/benicehavacilik.com\/wp-content\/uploads\/2022\/12\/Tarihce-5-300x200.jpg\" class=\"attachment-medium size-medium\" alt=\"\" srcset=\"https:\/\/benicehavacilik.com\/wp-content\/uploads\/2022\/12\/Tarihce-5-300x200.jpg 300w, https:\/\/benicehavacilik.com\/wp-content\/uploads\/2022\/12\/Tarihce-5-768x513.jpg 768w, https:\/\/benicehavacilik.com\/wp-content\/uploads\/2022\/12\/Tarihce-5-18x12.jpg 18w, https:\/\/benicehavacilik.com\/wp-content\/uploads\/2022\/12\/Tarihce-5-449x300.jpg 449w, https:\/\/benicehavacilik.com\/wp-content\/uploads\/2022\/12\/Tarihce-5-650x434.jpg 650w, https:\/\/benicehavacilik.com\/wp-content\/uploads\/2022\/12\/Tarihce-5.jpg 1024w\" sizes=\"(max-width: 300px) 100vw, 300px\" data-id=\"417\" \/><\/a>\n\t\t\t<\/div><\/figure><figure class='gallery-item'>\n\t\t\t<div class='gallery-icon landscape'>\n\t\t\t\t<a data-elementor-open-lightbox=\"yes\" data-elementor-lightbox-slideshow=\"e66573b\" data-elementor-lightbox-title=\"Tarih\u00e7e- (6)\" data-e-action-hash=\"#elementor-action%3Aaction%3Dlightbox%26settings%3DeyJpZCI6NDE4LCJ1cmwiOiJodHRwczpcL1wvYmVuaWNlaGF2YWNpbGlrLmNvbVwvd3AtY29udGVudFwvdXBsb2Fkc1wvMjAyMlwvMTJcL1RhcmloY2UtNi5qcGciLCJzbGlkZXNob3ciOiJlNjY1NzNiIn0%3D\" href='https:\/\/benicehavacilik.com\/wp-content\/uploads\/2022\/12\/Tarihce-6.jpg'><img loading=\"lazy\" decoding=\"async\" width=\"300\" height=\"200\" src=\"https:\/\/benicehavacilik.com\/wp-content\/uploads\/2022\/12\/Tarihce-6-300x200.jpg\" class=\"attachment-medium size-medium\" alt=\"\" srcset=\"https:\/\/benicehavacilik.com\/wp-content\/uploads\/2022\/12\/Tarihce-6-300x200.jpg 300w, https:\/\/benicehavacilik.com\/wp-content\/uploads\/2022\/12\/Tarihce-6-768x513.jpg 768w, https:\/\/benicehavacilik.com\/wp-content\/uploads\/2022\/12\/Tarihce-6-18x12.jpg 18w, https:\/\/benicehavacilik.com\/wp-content\/uploads\/2022\/12\/Tarihce-6-449x300.jpg 449w, https:\/\/benicehavacilik.com\/wp-content\/uploads\/2022\/12\/Tarihce-6-650x434.jpg 650w, https:\/\/benicehavacilik.com\/wp-content\/uploads\/2022\/12\/Tarihce-6.jpg 1024w\" sizes=\"(max-width: 300px) 100vw, 300px\" data-id=\"418\" \/><\/a>\n\t\t\t<\/div><\/figure>\n\t\t<\/div>\n\t\t<\/div>\n\t\t\t\t\t\t<\/div>\n\t\t\t\t<\/div>\n\t\t\t\t\t<\/div>\n\t\t<\/div>\n\t\t\t\t\t<\/div>\n\t\t<\/section>\n\t\t\t\t<\/div>","protected":false},"excerpt":{"rendered":"<p>Tarih\u00e7e 1980 y\u0131l\u0131nda kurulan Kaleli \u015eaft ve Metal San. Tic. Ltd. \u015eti. 2022 y\u0131l\u0131nda sekt\u00f6rel olarak ikiye ayr\u0131larak, havac\u0131l\u0131k sekt\u00f6r\u00fc faaliyetleri Benice Havac\u0131l\u0131k M\u00fchendislik San. Tic. Ltd. \u015eti. ad\u0131 alt\u0131na ta\u015f\u0131nm\u0131\u015ft\u0131r. \u0130vedik\u2019te yer alan yeni ve modern tesisimizde, hassas tala\u015fl\u0131 imalat tezgahlar\u0131m\u0131z, y\u00fcksek teknolojili CAD\/CAM\/sim\u00fclasyon yaz\u0131l\u0131mlar\u0131m\u0131z, lazer markalama\/kaz\u0131ma cihaz\u0131m\u0131z, hassas CMM cihaz\u0131m\u0131z, hassas tesviye ekipmanlar\u0131m\u0131z, &hellip; <a href=\"https:\/\/benicehavacilik.com\/en\/tarihce\/\" class=\"more-link\">Continue reading <span class=\"screen-reader-text\">HISTORY<\/span><\/a><\/p>","protected":false},"author":4,"featured_media":0,"parent":0,"menu_order":0,"comment_status":"closed","ping_status":"closed","template":"","meta":{"footnotes":""},"class_list":["post-44","page","type-page","status-publish","hentry"],"_links":{"self":[{"href":"https:\/\/benicehavacilik.com\/en\/wp-json\/wp\/v2\/pages\/44","targetHints":{"allow":["GET"]}}],"collection":[{"href":"https:\/\/benicehavacilik.com\/en\/wp-json\/wp\/v2\/pages"}],"about":[{"href":"https:\/\/benicehavacilik.com\/en\/wp-json\/wp\/v2\/types\/page"}],"author":[{"embeddable":true,"href":"https:\/\/benicehavacilik.com\/en\/wp-json\/wp\/v2\/users\/4"}],"replies":[{"embeddable":true,"href":"https:\/\/benicehavacilik.com\/en\/wp-json\/wp\/v2\/comments?post=44"}],"version-history":[{"count":34,"href":"https:\/\/benicehavacilik.com\/en\/wp-json\/wp\/v2\/pages\/44\/revisions"}],"predecessor-version":[{"id":660,"href":"https:\/\/benicehavacilik.com\/en\/wp-json\/wp\/v2\/pages\/44\/revisions\/660"}],"wp:attachment":[{"href":"https:\/\/benicehavacilik.com\/en\/wp-json\/wp\/v2\/media?parent=44"}],"curies":[{"name":"wp","href":"https:\/\/api.w.org\/{rel}","templated":true}]}}