{"id":146,"date":"2022-11-09T08:28:57","date_gmt":"2022-11-09T08:28:57","guid":{"rendered":"https:\/\/esengruphavacilik.com\/?page_id=146"},"modified":"2022-12-06T09:19:13","modified_gmt":"2022-12-06T09:19:13","slug":"lazer-markalama","status":"publish","type":"page","link":"https:\/\/benicehavacilik.com\/en\/lazer-markalama\/","title":{"rendered":"Laser Marking &amp; Engraving"},"content":{"rendered":"<div data-elementor-type=\"wp-page\" data-elementor-id=\"146\" class=\"elementor elementor-146\">\n\t\t\t\t\t\t<section class=\"elementor-section elementor-top-section elementor-element elementor-element-e6230a8 tm-column-break-ipad-no tm-col-stretched-none elementor-section-boxed elementor-section-height-default elementor-section-height-default\" data-id=\"e6230a8\" data-element_type=\"section\" data-e-type=\"section\">\n\t\t\t\t\t\t<div class=\"elementor-container elementor-column-gap-default\">\n\t\t\t\t\t<div class=\"elementor-column elementor-col-50 elementor-top-column elementor-element elementor-element-c1b4fd3\" data-id=\"c1b4fd3\" data-element_type=\"column\" data-e-type=\"column\">\n\t\t\t<div class=\"elementor-widget-wrap elementor-element-populated\">\n\t\t\t\t\t\t<div class=\"elementor-element elementor-element-8de9b12 tm-align-left elementor-widget elementor-widget-tm_heading\" data-id=\"8de9b12\" data-element_type=\"widget\" data-e-type=\"widget\" data-widget_type=\"tm_heading.default\">\n\t\t\t\t<div class=\"elementor-widget-container\">\n\t\t\t\t\t<div class=\"tm-element-heading-content-wrapper left-align  tm-seperator-style1 tm-content-with-desc tm-heading-style-vertical\"><div class=\"tm-content-header\"><h2 class=\"tm-element-content-heading\">\n\t\t\t\tLaser Marking &amp; Engraving\n\t\t\t<\/h2>\n\t\t<\/div><div class=\"tm-element-content-desctxt\">We apply laser marking to parts in line with customer requirements.<\/div><\/div>\t\t\t\t<\/div>\n\t\t\t\t<\/div>\n\t\t\t\t\t<\/div>\n\t\t<\/div>\n\t\t\t\t<div class=\"elementor-column elementor-col-50 elementor-top-column elementor-element elementor-element-b886f3f\" data-id=\"b886f3f\" data-element_type=\"column\" data-e-type=\"column\">\n\t\t\t<div class=\"elementor-widget-wrap elementor-element-populated\">\n\t\t\t\t\t\t<div class=\"elementor-element elementor-element-cd0a755 elementor-widget elementor-widget-image\" data-id=\"cd0a755\" data-element_type=\"widget\" data-e-type=\"widget\" data-widget_type=\"image.default\">\n\t\t\t\t<div class=\"elementor-widget-container\">\n\t\t\t\t\t\t\t\t\t\t\t\t\t\t\t<img fetchpriority=\"high\" decoding=\"async\" width=\"847\" height=\"566\" src=\"https:\/\/benicehavacilik.com\/wp-content\/uploads\/2022\/12\/Lazer-Markalama-Kazima-1024x684.jpg\" class=\"attachment-large size-large wp-image-469\" alt=\"\" srcset=\"https:\/\/benicehavacilik.com\/wp-content\/uploads\/2022\/12\/Lazer-Markalama-Kazima-1024x684.jpg 1024w, https:\/\/benicehavacilik.com\/wp-content\/uploads\/2022\/12\/Lazer-Markalama-Kazima-300x200.jpg 300w, https:\/\/benicehavacilik.com\/wp-content\/uploads\/2022\/12\/Lazer-Markalama-Kazima-768x513.jpg 768w, https:\/\/benicehavacilik.com\/wp-content\/uploads\/2022\/12\/Lazer-Markalama-Kazima-18x12.jpg 18w, https:\/\/benicehavacilik.com\/wp-content\/uploads\/2022\/12\/Lazer-Markalama-Kazima-449x300.jpg 449w, https:\/\/benicehavacilik.com\/wp-content\/uploads\/2022\/12\/Lazer-Markalama-Kazima-650x434.jpg 650w, https:\/\/benicehavacilik.com\/wp-content\/uploads\/2022\/12\/Lazer-Markalama-Kazima.jpg 1198w\" sizes=\"(max-width: 847px) 100vw, 847px\" data-id=\"469\" \/>\t\t\t\t\t\t\t\t\t\t\t\t\t\t\t<\/div>\n\t\t\t\t<\/div>\n\t\t\t\t\t<\/div>\n\t\t<\/div>\n\t\t\t\t\t<\/div>\n\t\t<\/section>\n\t\t\t\t<\/div>","protected":false},"excerpt":{"rendered":"<p>Lazer Markalama &amp; Kaz\u0131ma (Grav\u00fcr) \u00dcretilen par\u00e7alara m\u00fc\u015fteri isterleri do\u011frultusunda lazer markalama i\u015flemi uygulamaktay\u0131z.<\/p>","protected":false},"author":4,"featured_media":0,"parent":0,"menu_order":0,"comment_status":"closed","ping_status":"closed","template":"","meta":{"footnotes":""},"class_list":["post-146","page","type-page","status-publish","hentry"],"_links":{"self":[{"href":"https:\/\/benicehavacilik.com\/en\/wp-json\/wp\/v2\/pages\/146","targetHints":{"allow":["GET"]}}],"collection":[{"href":"https:\/\/benicehavacilik.com\/en\/wp-json\/wp\/v2\/pages"}],"about":[{"href":"https:\/\/benicehavacilik.com\/en\/wp-json\/wp\/v2\/types\/page"}],"author":[{"embeddable":true,"href":"https:\/\/benicehavacilik.com\/en\/wp-json\/wp\/v2\/users\/4"}],"replies":[{"embeddable":true,"href":"https:\/\/benicehavacilik.com\/en\/wp-json\/wp\/v2\/comments?post=146"}],"version-history":[{"count":33,"href":"https:\/\/benicehavacilik.com\/en\/wp-json\/wp\/v2\/pages\/146\/revisions"}],"predecessor-version":[{"id":546,"href":"https:\/\/benicehavacilik.com\/en\/wp-json\/wp\/v2\/pages\/146\/revisions\/546"}],"wp:attachment":[{"href":"https:\/\/benicehavacilik.com\/en\/wp-json\/wp\/v2\/media?parent=146"}],"curies":[{"name":"wp","href":"https:\/\/api.w.org\/{rel}","templated":true}]}}