{"id":144,"date":"2022-11-09T08:28:28","date_gmt":"2022-11-09T08:28:28","guid":{"rendered":"https:\/\/esengruphavacilik.com\/?page_id=144"},"modified":"2022-12-06T06:46:46","modified_gmt":"2022-12-06T06:46:46","slug":"hassas-tesviye-ve-montaj","status":"publish","type":"page","link":"https:\/\/benicehavacilik.com\/en\/hassas-tesviye-ve-montaj\/","title":{"rendered":"Precision Hand Finishing"},"content":{"rendered":"<div data-elementor-type=\"wp-page\" data-elementor-id=\"144\" class=\"elementor elementor-144\">\n\t\t\t\t\t\t<section class=\"elementor-section elementor-top-section elementor-element elementor-element-4ffce91 tm-column-break-ipad-no tm-col-stretched-none elementor-section-boxed elementor-section-height-default elementor-section-height-default\" data-id=\"4ffce91\" data-element_type=\"section\" data-e-type=\"section\">\n\t\t\t\t\t\t<div class=\"elementor-container elementor-column-gap-default\">\n\t\t\t\t\t<div class=\"elementor-column elementor-col-100 elementor-top-column elementor-element elementor-element-58a3b39\" data-id=\"58a3b39\" data-element_type=\"column\" data-e-type=\"column\">\n\t\t\t<div class=\"elementor-widget-wrap elementor-element-populated\">\n\t\t\t\t\t\t<div class=\"elementor-element elementor-element-115b25e tm-align-left elementor-widget elementor-widget-tm_heading\" data-id=\"115b25e\" data-element_type=\"widget\" data-e-type=\"widget\" data-widget_type=\"tm_heading.default\">\n\t\t\t\t<div class=\"elementor-widget-container\">\n\t\t\t\t\t<div class=\"tm-element-heading-content-wrapper left-align  tm-seperator-style1 tm-content-with-desc tm-heading-style-vertical\"><div class=\"tm-content-header\"><h2 class=\"tm-element-content-heading\">\n\t\t\t\tPrecision Hand Finishing \n\t\t\t<\/h2>\n\t\t<\/div><div class=\"tm-element-content-desctxt\">\n\nOur company performs precision hand finishing operations under 10X microscopes with high quality equipment and applies many types of\n\n<br><br>\ninstallation, including Helicoil inserts, in accordance with customer requirements.\n<\/div><\/div>\t\t\t\t<\/div>\n\t\t\t\t<\/div>\n\t\t\t\t\t<\/div>\n\t\t<\/div>\n\t\t\t\t\t<\/div>\n\t\t<\/section>\n\t\t\t\t<section class=\"elementor-section elementor-top-section elementor-element elementor-element-31c531b tm-column-break-ipad-no tm-col-stretched-none elementor-section-boxed elementor-section-height-default elementor-section-height-default\" data-id=\"31c531b\" data-element_type=\"section\" data-e-type=\"section\">\n\t\t\t\t\t\t<div class=\"elementor-container elementor-column-gap-default\">\n\t\t\t\t\t<div class=\"elementor-column elementor-col-100 elementor-top-column elementor-element elementor-element-7fb0203\" data-id=\"7fb0203\" data-element_type=\"column\" data-e-type=\"column\">\n\t\t\t<div class=\"elementor-widget-wrap elementor-element-populated\">\n\t\t\t\t\t\t<div class=\"elementor-element elementor-element-6fb10ce gallery-spacing-custom elementor-widget elementor-widget-image-gallery\" data-id=\"6fb10ce\" data-element_type=\"widget\" data-e-type=\"widget\" data-widget_type=\"image-gallery.default\">\n\t\t\t\t<div class=\"elementor-widget-container\">\n\t\t\t\t\t\t\t<div class=\"elementor-image-gallery\">\n\t\t\t<div id='gallery-1' class='gallery galleryid-144 gallery-columns-5 gallery-size-thumbnail'><figure class='gallery-item'>\n\t\t\t<div class='gallery-icon portrait'>\n\t\t\t\t<a data-elementor-open-lightbox=\"yes\" data-elementor-lightbox-slideshow=\"6fb10ce\" data-elementor-lightbox-title=\"Hassas Tesviye ve Montaj (1)\" data-e-action-hash=\"#elementor-action%3Aaction%3Dlightbox%26settings%3DeyJpZCI6NDUxLCJ1cmwiOiJodHRwczpcL1wvYmVuaWNlaGF2YWNpbGlrLmNvbVwvd3AtY29udGVudFwvdXBsb2Fkc1wvMjAyMlwvMTJcL0hhc3Nhcy1UZXN2aXllLXZlLU1vbnRhai0xLmpwZWciLCJzbGlkZXNob3ciOiI2ZmIxMGNlIn0%3D\" href='https:\/\/benicehavacilik.com\/wp-content\/uploads\/2022\/12\/Hassas-Tesviye-ve-Montaj-1.jpeg'><img decoding=\"async\" width=\"150\" height=\"150\" src=\"https:\/\/benicehavacilik.com\/wp-content\/uploads\/2022\/12\/Hassas-Tesviye-ve-Montaj-1-150x150.jpeg\" class=\"attachment-thumbnail size-thumbnail\" alt=\"\" data-id=\"451\" \/><\/a>\n\t\t\t<\/div><\/figure><figure class='gallery-item'>\n\t\t\t<div class='gallery-icon landscape'>\n\t\t\t\t<a data-elementor-open-lightbox=\"yes\" data-elementor-lightbox-slideshow=\"6fb10ce\" data-elementor-lightbox-title=\"Hassas Tesviye ve Montaj (1)\" data-e-action-hash=\"#elementor-action%3Aaction%3Dlightbox%26settings%3DeyJpZCI6NDUyLCJ1cmwiOiJodHRwczpcL1wvYmVuaWNlaGF2YWNpbGlrLmNvbVwvd3AtY29udGVudFwvdXBsb2Fkc1wvMjAyMlwvMTJcL0hhc3Nhcy1UZXN2aXllLXZlLU1vbnRhai0xLmpwZyIsInNsaWRlc2hvdyI6IjZmYjEwY2UifQ%3D%3D\" href='https:\/\/benicehavacilik.com\/wp-content\/uploads\/2022\/12\/Hassas-Tesviye-ve-Montaj-1.jpg'><img decoding=\"async\" width=\"150\" height=\"150\" src=\"https:\/\/benicehavacilik.com\/wp-content\/uploads\/2022\/12\/Hassas-Tesviye-ve-Montaj-1-150x150.jpg\" class=\"attachment-thumbnail size-thumbnail\" alt=\"\" data-id=\"452\" \/><\/a>\n\t\t\t<\/div><\/figure><figure class='gallery-item'>\n\t\t\t<div class='gallery-icon landscape'>\n\t\t\t\t<a data-elementor-open-lightbox=\"yes\" data-elementor-lightbox-slideshow=\"6fb10ce\" data-elementor-lightbox-title=\"Hassas Tesviye ve Montaj (2)\" data-e-action-hash=\"#elementor-action%3Aaction%3Dlightbox%26settings%3DeyJpZCI6NDUzLCJ1cmwiOiJodHRwczpcL1wvYmVuaWNlaGF2YWNpbGlrLmNvbVwvd3AtY29udGVudFwvdXBsb2Fkc1wvMjAyMlwvMTJcL0hhc3Nhcy1UZXN2aXllLXZlLU1vbnRhai0yLmpwZyIsInNsaWRlc2hvdyI6IjZmYjEwY2UifQ%3D%3D\" href='https:\/\/benicehavacilik.com\/wp-content\/uploads\/2022\/12\/Hassas-Tesviye-ve-Montaj-2.jpg'><img decoding=\"async\" width=\"150\" height=\"150\" src=\"https:\/\/benicehavacilik.com\/wp-content\/uploads\/2022\/12\/Hassas-Tesviye-ve-Montaj-2-150x150.jpg\" class=\"attachment-thumbnail size-thumbnail\" alt=\"\" data-id=\"453\" \/><\/a>\n\t\t\t<\/div><\/figure><figure class='gallery-item'>\n\t\t\t<div class='gallery-icon portrait'>\n\t\t\t\t<a data-elementor-open-lightbox=\"yes\" data-elementor-lightbox-slideshow=\"6fb10ce\" data-elementor-lightbox-title=\"Hassas Tesviye ve Montaj (3)\" data-e-action-hash=\"#elementor-action%3Aaction%3Dlightbox%26settings%3DeyJpZCI6NDU0LCJ1cmwiOiJodHRwczpcL1wvYmVuaWNlaGF2YWNpbGlrLmNvbVwvd3AtY29udGVudFwvdXBsb2Fkc1wvMjAyMlwvMTJcL0hhc3Nhcy1UZXN2aXllLXZlLU1vbnRhai0zLmpwZyIsInNsaWRlc2hvdyI6IjZmYjEwY2UifQ%3D%3D\" href='https:\/\/benicehavacilik.com\/wp-content\/uploads\/2022\/12\/Hassas-Tesviye-ve-Montaj-3.jpg'><img loading=\"lazy\" decoding=\"async\" width=\"150\" height=\"150\" src=\"https:\/\/benicehavacilik.com\/wp-content\/uploads\/2022\/12\/Hassas-Tesviye-ve-Montaj-3-150x150.jpg\" class=\"attachment-thumbnail size-thumbnail\" alt=\"\" data-id=\"454\" \/><\/a>\n\t\t\t<\/div><\/figure><figure class='gallery-item'>\n\t\t\t<div class='gallery-icon landscape'>\n\t\t\t\t<a data-elementor-open-lightbox=\"yes\" data-elementor-lightbox-slideshow=\"6fb10ce\" data-elementor-lightbox-title=\"Hassas Tesviye ve Montaj (4)\" data-e-action-hash=\"#elementor-action%3Aaction%3Dlightbox%26settings%3DeyJpZCI6NDU1LCJ1cmwiOiJodHRwczpcL1wvYmVuaWNlaGF2YWNpbGlrLmNvbVwvd3AtY29udGVudFwvdXBsb2Fkc1wvMjAyMlwvMTJcL0hhc3Nhcy1UZXN2aXllLXZlLU1vbnRhai00LmpwZyIsInNsaWRlc2hvdyI6IjZmYjEwY2UifQ%3D%3D\" href='https:\/\/benicehavacilik.com\/wp-content\/uploads\/2022\/12\/Hassas-Tesviye-ve-Montaj-4.jpg'><img loading=\"lazy\" decoding=\"async\" width=\"150\" height=\"150\" src=\"https:\/\/benicehavacilik.com\/wp-content\/uploads\/2022\/12\/Hassas-Tesviye-ve-Montaj-4-150x150.jpg\" class=\"attachment-thumbnail size-thumbnail\" alt=\"\" data-id=\"455\" \/><\/a>\n\t\t\t<\/div><\/figure>\n\t\t<\/div>\n\t\t<\/div>\n\t\t\t\t\t\t<\/div>\n\t\t\t\t<\/div>\n\t\t\t\t\t<\/div>\n\t\t<\/div>\n\t\t\t\t\t<\/div>\n\t\t<\/section>\n\t\t\t\t<\/div>","protected":false},"excerpt":{"rendered":"<p>Hassas Tesviye ve Montaj Firmam\u0131z hassas tesviye i\u015flemlerini ve kalite kontrol s\u00fcre\u00e7lerini 10X mikroskoplar alt\u0131nda kaliteli ekipmanlar ile ger\u00e7ekle\u015ftirmektedir. Alan\u0131nda deneyimli montaj ekibimiz m\u00fc\u015fteri isterlerine uygun olarak helicoil montaj\u0131 dahil pek \u00e7ok montaj \u00e7e\u015fidi uygulamaktad\u0131r.<\/p>","protected":false},"author":4,"featured_media":0,"parent":0,"menu_order":0,"comment_status":"closed","ping_status":"closed","template":"","meta":{"footnotes":""},"class_list":["post-144","page","type-page","status-publish","hentry"],"_links":{"self":[{"href":"https:\/\/benicehavacilik.com\/en\/wp-json\/wp\/v2\/pages\/144","targetHints":{"allow":["GET"]}}],"collection":[{"href":"https:\/\/benicehavacilik.com\/en\/wp-json\/wp\/v2\/pages"}],"about":[{"href":"https:\/\/benicehavacilik.com\/en\/wp-json\/wp\/v2\/types\/page"}],"author":[{"embeddable":true,"href":"https:\/\/benicehavacilik.com\/en\/wp-json\/wp\/v2\/users\/4"}],"replies":[{"embeddable":true,"href":"https:\/\/benicehavacilik.com\/en\/wp-json\/wp\/v2\/comments?post=144"}],"version-history":[{"count":37,"href":"https:\/\/benicehavacilik.com\/en\/wp-json\/wp\/v2\/pages\/144\/revisions"}],"predecessor-version":[{"id":496,"href":"https:\/\/benicehavacilik.com\/en\/wp-json\/wp\/v2\/pages\/144\/revisions\/496"}],"wp:attachment":[{"href":"https:\/\/benicehavacilik.com\/en\/wp-json\/wp\/v2\/media?parent=144"}],"curies":[{"name":"wp","href":"https:\/\/api.w.org\/{rel}","templated":true}]}}