{"id":142,"date":"2022-11-09T08:27:55","date_gmt":"2022-11-09T08:27:55","guid":{"rendered":"https:\/\/esengruphavacilik.com\/?page_id=142"},"modified":"2025-08-20T09:48:40","modified_gmt":"2025-08-20T09:48:40","slug":"hassas-talasli-imalat","status":"publish","type":"page","link":"https:\/\/benicehavacilik.com\/en\/hassas-talasli-imalat\/","title":{"rendered":"Precision Machining"},"content":{"rendered":"<div data-elementor-type=\"wp-page\" data-elementor-id=\"142\" class=\"elementor elementor-142\">\n\t\t\t\t\t\t<section class=\"elementor-section elementor-top-section elementor-element elementor-element-8319e55 tm-column-break-ipad-no tm-col-stretched-none elementor-section-boxed elementor-section-height-default elementor-section-height-default\" data-id=\"8319e55\" data-element_type=\"section\" data-e-type=\"section\">\n\t\t\t\t\t\t<div class=\"elementor-container elementor-column-gap-default\">\n\t\t\t\t\t<div class=\"elementor-column elementor-col-100 elementor-top-column elementor-element elementor-element-e63a11d\" data-id=\"e63a11d\" data-element_type=\"column\" data-e-type=\"column\">\n\t\t\t<div class=\"elementor-widget-wrap elementor-element-populated\">\n\t\t\t\t\t\t<div class=\"elementor-element elementor-element-b19e80a tm-align-left elementor-widget elementor-widget-tm_heading\" data-id=\"b19e80a\" data-element_type=\"widget\" data-e-type=\"widget\" data-widget_type=\"tm_heading.default\">\n\t\t\t\t<div class=\"elementor-widget-container\">\n\t\t\t\t\t<div class=\"tm-element-heading-content-wrapper left-align  tm-seperator-style1 tm-content-with-desc tm-heading-style-vertical\"><div class=\"tm-content-header\"><h2 class=\"tm-element-content-heading\">\n\t\t\t\tCNC Vertical Machining Centers\n\t\t\t<\/h2>\n\t\t<\/div><div class=\"tm-element-content-desctxt\">\n\nOur company works in cooperation with the world's leading machine, software and tool<br><br>\n\nZorlu geometrilerde par\u00e7alar\u0131n \u00fcretiminde 700\u2019l\u00fck simultane 5 eksen tezgahlar\u0131, 1500\u2019l\u00fck 3 eksen tezgah\u0131 ve di\u011fer dik i\u015fleme merkezleri ile \u00fcretim yapabilme kabiliyetine sahibiz.<br><br>\n\nWe have 5-axis simultaneous vertical machining capability.\n<\/div><\/div>\t\t\t\t<\/div>\n\t\t\t\t<\/div>\n\t\t\t\t\t<\/div>\n\t\t<\/div>\n\t\t\t\t\t<\/div>\n\t\t<\/section>\n\t\t\t\t<section class=\"elementor-section elementor-top-section elementor-element elementor-element-d4db10d tm-column-break-ipad-no tm-col-stretched-none elementor-section-boxed elementor-section-height-default elementor-section-height-default\" data-id=\"d4db10d\" data-element_type=\"section\" data-e-type=\"section\">\n\t\t\t\t\t\t<div class=\"elementor-container elementor-column-gap-default\">\n\t\t\t\t\t<div class=\"elementor-column elementor-col-100 elementor-top-column elementor-element elementor-element-5d22304\" data-id=\"5d22304\" data-element_type=\"column\" data-e-type=\"column\">\n\t\t\t<div class=\"elementor-widget-wrap elementor-element-populated\">\n\t\t\t\t\t\t<div class=\"elementor-element elementor-element-d95510e elementor-widget elementor-widget-image-gallery\" data-id=\"d95510e\" data-element_type=\"widget\" data-e-type=\"widget\" data-widget_type=\"image-gallery.default\">\n\t\t\t\t<div class=\"elementor-widget-container\">\n\t\t\t\t\t\t\t<div class=\"elementor-image-gallery\">\n\t\t\t<div id='gallery-1' class='gallery galleryid-142 gallery-columns-4 gallery-size-full'><figure class='gallery-item'>\n\t\t\t<div class='gallery-icon landscape'>\n\t\t\t\t<a data-elementor-open-lightbox=\"yes\" data-elementor-lightbox-slideshow=\"d95510e\" data-elementor-lightbox-title=\"1- Hassas Tala\u015fl\u0131 \u0130malat (3)\" data-e-action-hash=\"#elementor-action%3Aaction%3Dlightbox%26settings%3DeyJpZCI6NDM4LCJ1cmwiOiJodHRwczpcL1wvYmVuaWNlaGF2YWNpbGlrLmNvbVwvd3AtY29udGVudFwvdXBsb2Fkc1wvMjAyMlwvMTJcLzEtSGFzc2FzLVRhbGFzbGktSW1hbGF0LTMuanBnIiwic2xpZGVzaG93IjoiZDk1NTEwZSJ9\" href='https:\/\/benicehavacilik.com\/wp-content\/uploads\/2022\/12\/1-Hassas-Talasli-Imalat-3.jpg'><img fetchpriority=\"high\" decoding=\"async\" width=\"1198\" height=\"800\" src=\"https:\/\/benicehavacilik.com\/wp-content\/uploads\/2022\/12\/1-Hassas-Talasli-Imalat-3.jpg\" class=\"attachment-full size-full\" alt=\"\" srcset=\"https:\/\/benicehavacilik.com\/wp-content\/uploads\/2022\/12\/1-Hassas-Talasli-Imalat-3.jpg 1198w, https:\/\/benicehavacilik.com\/wp-content\/uploads\/2022\/12\/1-Hassas-Talasli-Imalat-3-300x200.jpg 300w, https:\/\/benicehavacilik.com\/wp-content\/uploads\/2022\/12\/1-Hassas-Talasli-Imalat-3-1024x684.jpg 1024w, https:\/\/benicehavacilik.com\/wp-content\/uploads\/2022\/12\/1-Hassas-Talasli-Imalat-3-768x513.jpg 768w, https:\/\/benicehavacilik.com\/wp-content\/uploads\/2022\/12\/1-Hassas-Talasli-Imalat-3-18x12.jpg 18w, https:\/\/benicehavacilik.com\/wp-content\/uploads\/2022\/12\/1-Hassas-Talasli-Imalat-3-449x300.jpg 449w, https:\/\/benicehavacilik.com\/wp-content\/uploads\/2022\/12\/1-Hassas-Talasli-Imalat-3-650x434.jpg 650w\" sizes=\"(max-width: 1198px) 100vw, 1198px\" data-id=\"438\" \/><\/a>\n\t\t\t<\/div><\/figure><figure class='gallery-item'>\n\t\t\t<div class='gallery-icon landscape'>\n\t\t\t\t<a data-elementor-open-lightbox=\"yes\" data-elementor-lightbox-slideshow=\"d95510e\" data-elementor-lightbox-title=\"1- Hassas Tala\u015fl\u0131 \u0130malat (4)\" data-e-action-hash=\"#elementor-action%3Aaction%3Dlightbox%26settings%3DeyJpZCI6NDM5LCJ1cmwiOiJodHRwczpcL1wvYmVuaWNlaGF2YWNpbGlrLmNvbVwvd3AtY29udGVudFwvdXBsb2Fkc1wvMjAyMlwvMTJcLzEtSGFzc2FzLVRhbGFzbGktSW1hbGF0LTQuanBnIiwic2xpZGVzaG93IjoiZDk1NTEwZSJ9\" href='https:\/\/benicehavacilik.com\/wp-content\/uploads\/2022\/12\/1-Hassas-Talasli-Imalat-4.jpg'><img decoding=\"async\" width=\"1198\" height=\"800\" src=\"https:\/\/benicehavacilik.com\/wp-content\/uploads\/2022\/12\/1-Hassas-Talasli-Imalat-4.jpg\" class=\"attachment-full size-full\" alt=\"\" srcset=\"https:\/\/benicehavacilik.com\/wp-content\/uploads\/2022\/12\/1-Hassas-Talasli-Imalat-4.jpg 1198w, https:\/\/benicehavacilik.com\/wp-content\/uploads\/2022\/12\/1-Hassas-Talasli-Imalat-4-300x200.jpg 300w, https:\/\/benicehavacilik.com\/wp-content\/uploads\/2022\/12\/1-Hassas-Talasli-Imalat-4-1024x684.jpg 1024w, https:\/\/benicehavacilik.com\/wp-content\/uploads\/2022\/12\/1-Hassas-Talasli-Imalat-4-768x513.jpg 768w, https:\/\/benicehavacilik.com\/wp-content\/uploads\/2022\/12\/1-Hassas-Talasli-Imalat-4-18x12.jpg 18w, https:\/\/benicehavacilik.com\/wp-content\/uploads\/2022\/12\/1-Hassas-Talasli-Imalat-4-449x300.jpg 449w, https:\/\/benicehavacilik.com\/wp-content\/uploads\/2022\/12\/1-Hassas-Talasli-Imalat-4-650x434.jpg 650w\" sizes=\"(max-width: 1198px) 100vw, 1198px\" data-id=\"439\" \/><\/a>\n\t\t\t<\/div><\/figure><figure class='gallery-item'>\n\t\t\t<div class='gallery-icon landscape'>\n\t\t\t\t<a data-elementor-open-lightbox=\"yes\" data-elementor-lightbox-slideshow=\"d95510e\" data-elementor-lightbox-title=\"foto-2 yeni_1198x800\" data-e-action-hash=\"#elementor-action%3Aaction%3Dlightbox%26settings%3DeyJpZCI6NTYwLCJ1cmwiOiJodHRwczpcL1wvYmVuaWNlaGF2YWNpbGlrLmNvbVwvd3AtY29udGVudFwvdXBsb2Fkc1wvMjAyMlwvMTJcL2ZvdG8tMi15ZW5pXzExOTh4ODAwLmpwZyIsInNsaWRlc2hvdyI6ImQ5NTUxMGUifQ%3D%3D\" href='https:\/\/benicehavacilik.com\/wp-content\/uploads\/2022\/12\/foto-2-yeni_1198x800.jpg'><img decoding=\"async\" width=\"1198\" height=\"800\" src=\"https:\/\/benicehavacilik.com\/wp-content\/uploads\/2022\/12\/foto-2-yeni_1198x800.jpg\" class=\"attachment-full size-full\" alt=\"\" srcset=\"https:\/\/benicehavacilik.com\/wp-content\/uploads\/2022\/12\/foto-2-yeni_1198x800.jpg 1198w, https:\/\/benicehavacilik.com\/wp-content\/uploads\/2022\/12\/foto-2-yeni_1198x800-300x200.jpg 300w, https:\/\/benicehavacilik.com\/wp-content\/uploads\/2022\/12\/foto-2-yeni_1198x800-1024x684.jpg 1024w, https:\/\/benicehavacilik.com\/wp-content\/uploads\/2022\/12\/foto-2-yeni_1198x800-768x513.jpg 768w, https:\/\/benicehavacilik.com\/wp-content\/uploads\/2022\/12\/foto-2-yeni_1198x800-18x12.jpg 18w, https:\/\/benicehavacilik.com\/wp-content\/uploads\/2022\/12\/foto-2-yeni_1198x800-449x300.jpg 449w, https:\/\/benicehavacilik.com\/wp-content\/uploads\/2022\/12\/foto-2-yeni_1198x800-650x434.jpg 650w\" sizes=\"(max-width: 1198px) 100vw, 1198px\" data-id=\"560\" \/><\/a>\n\t\t\t<\/div><\/figure><figure class='gallery-item'>\n\t\t\t<div class='gallery-icon landscape'>\n\t\t\t\t<a data-elementor-open-lightbox=\"yes\" data-elementor-lightbox-slideshow=\"d95510e\" data-elementor-lightbox-title=\"talasli_imalat_yeni2\" data-e-action-hash=\"#elementor-action%3Aaction%3Dlightbox%26settings%3DeyJpZCI6NjI2LCJ1cmwiOiJodHRwczpcL1wvYmVuaWNlaGF2YWNpbGlrLmNvbVwvd3AtY29udGVudFwvdXBsb2Fkc1wvMjAyM1wvMDhcL3RhbGFzbGlfaW1hbGF0X3llbmkyLmpwZyIsInNsaWRlc2hvdyI6ImQ5NTUxMGUifQ%3D%3D\" href='https:\/\/benicehavacilik.com\/wp-content\/uploads\/2023\/08\/talasli_imalat_yeni2.jpg'><img loading=\"lazy\" decoding=\"async\" width=\"1198\" height=\"800\" src=\"https:\/\/benicehavacilik.com\/wp-content\/uploads\/2023\/08\/talasli_imalat_yeni2.jpg\" class=\"attachment-full size-full\" alt=\"\" srcset=\"https:\/\/benicehavacilik.com\/wp-content\/uploads\/2023\/08\/talasli_imalat_yeni2.jpg 1198w, https:\/\/benicehavacilik.com\/wp-content\/uploads\/2023\/08\/talasli_imalat_yeni2-300x200.jpg 300w, https:\/\/benicehavacilik.com\/wp-content\/uploads\/2023\/08\/talasli_imalat_yeni2-1024x684.jpg 1024w, https:\/\/benicehavacilik.com\/wp-content\/uploads\/2023\/08\/talasli_imalat_yeni2-768x513.jpg 768w, https:\/\/benicehavacilik.com\/wp-content\/uploads\/2023\/08\/talasli_imalat_yeni2-18x12.jpg 18w, https:\/\/benicehavacilik.com\/wp-content\/uploads\/2023\/08\/talasli_imalat_yeni2-449x300.jpg 449w, https:\/\/benicehavacilik.com\/wp-content\/uploads\/2023\/08\/talasli_imalat_yeni2-650x434.jpg 650w\" sizes=\"(max-width: 1198px) 100vw, 1198px\" data-id=\"626\" \/><\/a>\n\t\t\t<\/div><\/figure>\n\t\t<\/div>\n\t\t<\/div>\n\t\t\t\t\t\t<\/div>\n\t\t\t\t<\/div>\n\t\t\t\t\t<\/div>\n\t\t<\/div>\n\t\t\t\t\t<\/div>\n\t\t<\/section>\n\t\t\t\t<\/div>","protected":false},"excerpt":{"rendered":"<p>CNC Dik \u0130\u015fleme Tezgahlar\u0131 Firmam\u0131z al\u00fcminyum, titanyum, ala\u015f\u0131ml\u0131 \u00e7elik ve paslanmaz \u00e7elik hassas par\u00e7alar\u0131n i\u015flenmesi konusunda d\u00fcnyan\u0131n \u00f6nde gelen tezgah, tak\u0131m ve yaz\u0131l\u0131m markalar\u0131 ile i\u015f birli\u011fi i\u00e7erisinde \u00e7al\u0131\u015fmaktad\u0131r. Zorlu geometrilerde par\u00e7alar\u0131n \u00fcretiminde 700\u2019l\u00fck simultane 5 eksen tezgahlar\u0131, 1500\u2019l\u00fck 3 eksen tezgah\u0131 ve di\u011fer dik i\u015fleme merkezleri ile \u00fcretim yapabilme kabiliyetine sahibiz. Lisansl\u0131 CAD\/CAM, post-processor &hellip; <a href=\"https:\/\/benicehavacilik.com\/en\/hassas-talasli-imalat\/\" class=\"more-link\">Continue reading <span class=\"screen-reader-text\">Precision Machining<\/span><\/a><\/p>","protected":false},"author":4,"featured_media":0,"parent":0,"menu_order":0,"comment_status":"closed","ping_status":"closed","template":"","meta":{"footnotes":""},"class_list":["post-142","page","type-page","status-publish","hentry"],"_links":{"self":[{"href":"https:\/\/benicehavacilik.com\/en\/wp-json\/wp\/v2\/pages\/142","targetHints":{"allow":["GET"]}}],"collection":[{"href":"https:\/\/benicehavacilik.com\/en\/wp-json\/wp\/v2\/pages"}],"about":[{"href":"https:\/\/benicehavacilik.com\/en\/wp-json\/wp\/v2\/types\/page"}],"author":[{"embeddable":true,"href":"https:\/\/benicehavacilik.com\/en\/wp-json\/wp\/v2\/users\/4"}],"replies":[{"embeddable":true,"href":"https:\/\/benicehavacilik.com\/en\/wp-json\/wp\/v2\/comments?post=142"}],"version-history":[{"count":16,"href":"https:\/\/benicehavacilik.com\/en\/wp-json\/wp\/v2\/pages\/142\/revisions"}],"predecessor-version":[{"id":674,"href":"https:\/\/benicehavacilik.com\/en\/wp-json\/wp\/v2\/pages\/142\/revisions\/674"}],"wp:attachment":[{"href":"https:\/\/benicehavacilik.com\/en\/wp-json\/wp\/v2\/media?parent=142"}],"curies":[{"name":"wp","href":"https:\/\/api.w.org\/{rel}","templated":true}]}}