{"id":118,"date":"2022-11-09T08:13:27","date_gmt":"2022-11-09T08:13:27","guid":{"rendered":"https:\/\/esengruphavacilik.com\/?page_id=118"},"modified":"2024-12-20T06:14:36","modified_gmt":"2024-12-20T06:14:36","slug":"kalite-politikamiz","status":"publish","type":"page","link":"https:\/\/benicehavacilik.com\/en\/kalite-politikamiz\/","title":{"rendered":"QUALITY POLICY"},"content":{"rendered":"<div data-elementor-type=\"wp-page\" data-elementor-id=\"118\" class=\"elementor elementor-118\">\n\t\t\t\t\t\t<section class=\"elementor-section elementor-top-section elementor-element elementor-element-c8dc806 tm-column-break-ipad-no tm-col-stretched-none elementor-section-boxed elementor-section-height-default elementor-section-height-default\" data-id=\"c8dc806\" data-element_type=\"section\" data-e-type=\"section\">\n\t\t\t\t\t\t<div class=\"elementor-container elementor-column-gap-default\">\n\t\t\t\t\t<div class=\"elementor-column elementor-col-100 elementor-top-column elementor-element elementor-element-eb49d10\" data-id=\"eb49d10\" data-element_type=\"column\" data-e-type=\"column\">\n\t\t\t<div class=\"elementor-widget-wrap elementor-element-populated\">\n\t\t\t\t\t\t<div class=\"elementor-element elementor-element-e1ae1c4 tm-align-left elementor-widget elementor-widget-tm_heading\" data-id=\"e1ae1c4\" data-element_type=\"widget\" data-e-type=\"widget\" data-widget_type=\"tm_heading.default\">\n\t\t\t\t<div class=\"elementor-widget-container\">\n\t\t\t\t\t<div class=\"tm-element-heading-content-wrapper left-align  tm-seperator-style1 tm-content-with-desc tm-heading-style-vertical\"><div class=\"tm-content-header\"><h2 class=\"tm-element-content-heading\">\n\t\t\t\tQUALITY POLICY\n\t\t\t<\/h2>\n\t\t<h4 class=\"tm-element-subheading\">\n\t\t\t\t \n\t\t\t<\/h4>\n\t\t<\/div><div class=\"tm-element-content-desctxt\">Using its strong experience and infrastructure in metal part production for the aviation industry, we aim to be a company that adopts the mission of providing products and services to our customers with a sense of continuity and the vision of being a preferred company in the global market, and at the same time to provide benefits to the society, we hearby commit to the following:<\/div><\/div>\t\t\t\t<\/div>\n\t\t\t\t<\/div>\n\t\t\t\t<div class=\"elementor-element elementor-element-80bbf62 elementor-widget elementor-widget-text-editor\" data-id=\"80bbf62\" data-element_type=\"widget\" data-e-type=\"widget\" data-widget_type=\"text-editor.default\">\n\t\t\t\t<div class=\"elementor-widget-container\">\n\t\t\t\t\t\t\t\t\t<ul><li>To comply with the requirements of AS9100 RevD quality standards,<\/li><li>To develop and continuously improve the quality management system with the participation of employees by providing the necessary resources,<\/li><li>To ensure that employees understand process key performance indicators,<\/li><li>As top management, to review nonconformities in the system on a planned basis and ensure the continuity of compliance,<\/li><li>To provide employees with a healthy and safe working environment and to maintain the highest level of occupational safety,<\/li><li>To reduce occupational accidents by raising awareness of employees about occupational safety<\/li><li>To closely monitor technological developments in order to adapt our company to the requirements of the modern era,<\/li><li>To continuously monitor the performance of our suppliers,<\/li><li>To consider the impacts of climate change while planning, implementing, and monitoring all our processes,<\/li><li>To comply with legal and other requirements in providing our products and services with high energy efficiency, renewable energy understanding, and the principles of preventing environmental pollution,<\/li><li>To reduce our consumption of natural resources,<\/li><li>To prefer recycled materials and reducing our waste amounts,<\/li><li>While doing all of this, we are committed to keeping customer satisfaction at the highest level.<\/li><\/ul>\t\t\t\t\t\t\t\t<\/div>\n\t\t\t\t<\/div>\n\t\t\t\t\t<\/div>\n\t\t<\/div>\n\t\t\t\t\t<\/div>\n\t\t<\/section>\n\t\t\t\t<\/div>","protected":false},"excerpt":{"rendered":"<p>Kalite Politikam\u0131z Havac\u0131l\u0131k sanayi i\u00e7in metal par\u00e7a \u00fcretiminde g\u00fc\u00e7l\u00fc deneyim ve alt yap\u0131s\u0131n\u0131 kullanarak, \u00fcr\u00fcn ve hizmetleri s\u00fcreklilik anlay\u0131\u015f\u0131 i\u00e7inde m\u00fc\u015fterilerimize sunmay\u0131 misyon edinen, global pazarda faaliyet alanlar\u0131nda tercih edilen bir \u015firket olmay\u0131 vizyon olarak benimseyen, ayn\u0131 zamanda \u00fclkemize ve toplumumuza fayda sa\u011flayan bir firma olmak i\u00e7in: AS9100 RevD kalite standartlar\u0131n\u0131n gerekliliklerine uymay\u0131, Gerekli kaynaklar\u0131 &hellip; <a href=\"https:\/\/benicehavacilik.com\/en\/kalite-politikamiz\/\" class=\"more-link\">Continue reading <span class=\"screen-reader-text\">QUALITY POLICY<\/span><\/a><\/p>","protected":false},"author":4,"featured_media":0,"parent":0,"menu_order":0,"comment_status":"closed","ping_status":"closed","template":"","meta":{"footnotes":""},"class_list":["post-118","page","type-page","status-publish","hentry"],"_links":{"self":[{"href":"https:\/\/benicehavacilik.com\/en\/wp-json\/wp\/v2\/pages\/118","targetHints":{"allow":["GET"]}}],"collection":[{"href":"https:\/\/benicehavacilik.com\/en\/wp-json\/wp\/v2\/pages"}],"about":[{"href":"https:\/\/benicehavacilik.com\/en\/wp-json\/wp\/v2\/types\/page"}],"author":[{"embeddable":true,"href":"https:\/\/benicehavacilik.com\/en\/wp-json\/wp\/v2\/users\/4"}],"replies":[{"embeddable":true,"href":"https:\/\/benicehavacilik.com\/en\/wp-json\/wp\/v2\/comments?post=118"}],"version-history":[{"count":28,"href":"https:\/\/benicehavacilik.com\/en\/wp-json\/wp\/v2\/pages\/118\/revisions"}],"predecessor-version":[{"id":657,"href":"https:\/\/benicehavacilik.com\/en\/wp-json\/wp\/v2\/pages\/118\/revisions\/657"}],"wp:attachment":[{"href":"https:\/\/benicehavacilik.com\/en\/wp-json\/wp\/v2\/media?parent=118"}],"curies":[{"name":"wp","href":"https:\/\/api.w.org\/{rel}","templated":true}]}}